{"id":96,"date":"2025-12-19T21:21:05","date_gmt":"2025-12-19T21:21:05","guid":{"rendered":"https:\/\/atelierdinterieur.ma\/?post_type=product&#038;p=96"},"modified":"2025-12-29T15:06:04","modified_gmt":"2025-12-29T15:06:04","slug":"round-harmony","status":"publish","type":"product","link":"https:\/\/atelierdinterieur.ma\/en\/product\/round-harmony\/","title":{"rendered":"Round Harmony"},"content":{"rendered":"<p>Sublimez votre int\u00e9rieur avec notre duo de tables basses Round Harmony, une alliance parfaite entre design moderne et raffinement intemporel.Ces pi\u00e8ces uniques se distinguent par leur silhouette arrondie et leurs fines rainures verticales, qui apportent texture, douceur et sophistication \u00e0 votre espace. La base en m\u00e9tal dor\u00e9 bross\u00e9 ajoute une touche de luxe subtil, tandis que les plateaux s\u2019harmonisent parfaitement avec les formes g\u00e9n\u00e9reuses des tables.Le mod\u00e8le blanc illumine la pi\u00e8ce avec son \u00e9l\u00e9gance pure, tandis que la version terracotta apporte chaleur et caract\u00e8re. Ensemble, elles cr\u00e9ent un contraste visuel irr\u00e9sistible, id\u00e9al pour un salon chic et contemporain.Parfaites pour accueillir vos objets d\u00e9coratifs, bouquets ou accessoires, ces tables allient design, fonctionnalit\u00e9 et pr\u00e9sence sculpturale \u2014 un v\u00e9ritable coup de c\u0153ur pour les amateurs de d\u00e9coration haut de gamme.<\/p>","protected":false},"excerpt":{"rendered":"<p><b>Caract\u00e9ristiques :<\/b><\/p>\n<ul>\n<li><b>Couleur :<\/b>Beige \/ Orange<\/li>\n<\/ul>\n<p><b>Mati\u00e8res :<\/b><\/p>\n<p><b>Plateau :<\/b> Pierre frittee<\/p>\n<p><b>Empi\u00e8tement :<\/b> Similicuir<\/p>\n<ul>\n<li><b>Dimensions <\/b><\/li>\n<li><b>Table basse :<\/b> 38 cm de hauteur avec un plateau de 70 \u00d7 70 cm<\/li>\n<li><b>Table haute :<\/b> 45 cm de hauteur avec un plateau de 47 \u00d7 47 cm<\/li>\n<\/ul>","protected":false},"featured_media":16821,"comment_status":"open","ping_status":"closed","template":"","meta":[],"product_brand":[],"product_cat":[16],"product_tag":[],"class_list":{"0":"post-96","1":"product","2":"type-product","3":"status-publish","4":"has-post-thumbnail","6":"product_cat-table-basse","8":"first","9":"instock","10":"shipping-taxable","11":"product-type-simple"},"_links":{"self":[{"href":"https:\/\/atelierdinterieur.ma\/en\/wp-json\/wp\/v2\/product\/96","targetHints":{"allow":["GET"]}}],"collection":[{"href":"https:\/\/atelierdinterieur.ma\/en\/wp-json\/wp\/v2\/product"}],"about":[{"href":"https:\/\/atelierdinterieur.ma\/en\/wp-json\/wp\/v2\/types\/product"}],"replies":[{"embeddable":true,"href":"https:\/\/atelierdinterieur.ma\/en\/wp-json\/wp\/v2\/comments?post=96"}],"wp:featuredmedia":[{"embeddable":true,"href":"https:\/\/atelierdinterieur.ma\/en\/wp-json\/wp\/v2\/media\/16821"}],"wp:attachment":[{"href":"https:\/\/atelierdinterieur.ma\/en\/wp-json\/wp\/v2\/media?parent=96"}],"wp:term":[{"taxonomy":"product_brand","embeddable":true,"href":"https:\/\/atelierdinterieur.ma\/en\/wp-json\/wp\/v2\/product_brand?post=96"},{"taxonomy":"product_cat","embeddable":true,"href":"https:\/\/atelierdinterieur.ma\/en\/wp-json\/wp\/v2\/product_cat?post=96"},{"taxonomy":"product_tag","embeddable":true,"href":"https:\/\/atelierdinterieur.ma\/en\/wp-json\/wp\/v2\/product_tag?post=96"}],"curies":[{"name":"wp","href":"https:\/\/api.w.org\/{rel}","templated":true}]}}