{"id":88,"date":"2025-12-19T21:19:46","date_gmt":"2025-12-19T21:19:46","guid":{"rendered":"https:\/\/atelierdinterieur.ma\/?post_type=product&#038;p=88"},"modified":"2026-04-10T18:19:23","modified_gmt":"2026-04-10T18:19:23","slug":"elegance","status":"publish","type":"product","link":"https:\/\/atelierdinterieur.ma\/en\/product\/elegance\/","title":{"rendered":"\u00c9l\u00e9gance Acier inoxydable"},"content":{"rendered":"<p>D\u00e9couvrez notre ensemble de tables d\u2019appoint \u00c9l\u00e9gance Duo, un m\u00e9lange parfait de raffinement contemporain et de design artistique. Chaque table se distingue par une base en verre souffl\u00e9 teint\u00e9, offrant une transparence luxueuse et un jeu de lumi\u00e8re subtil. La structure sup\u00e9rieure, en acier inoxydable finement travaill\u00e9, apporte une touche de sophistication gr\u00e2ce \u00e0 son contraste harmonieux entre le verre et la finition m\u00e9tallis\u00e9e. Le mod\u00e8le dor\u00e9 illumine l\u2019espace avec son \u00e9clat chaleureux, tandis que la version noire s\u00e9duit par son caract\u00e8re chic et minimaliste. Ensemble, elles cr\u00e9ent un duo moderne, polyvalent et hautement d\u00e9coratif \u2014 id\u00e9al comme tables d\u2019appoint, pi\u00e9destaux d\u00e9coratifs ou \u00e9l\u00e9ments de mise en sc\u00e8ne dans un salon \u00e9l\u00e9gant. Un choix parfait pour ceux qui recherchent des pi\u00e8ces design, premium et intemporelles.<\/p>","protected":false},"excerpt":{"rendered":"<p><b>Caract\u00e9ristiques :<\/b><\/p>\n<ul>\n<li><b>Couleur :<\/b>Noir<\/li>\n<\/ul>\n<p><b>Mati\u00e8res :<\/b><\/p>\n<p><b>Plateau :<\/b> Acier inoxydable<\/p>\n<p><b>Empi\u00e8tement :<\/b> Verre souffl\u00e9<\/p>\n<ul>\n<li><b>Dimensions <\/b><\/li>\n<li><b>Table basse :<\/b> 38 cm de hauteur avec un plateau de 60 \u00d7 60 cm<\/li>\n<li><b>Table haute :<\/b> 52 cm de hauteur avec un plateau de 50 \u00d7 50 cm<\/li>\n<\/ul>","protected":false},"featured_media":16823,"comment_status":"open","ping_status":"closed","template":"","meta":[],"product_brand":[],"product_cat":[17],"product_tag":[],"class_list":{"0":"post-88","1":"product","2":"type-product","3":"status-publish","4":"has-post-thumbnail","6":"product_cat-table-dappoint","8":"first","9":"instock","10":"shipping-taxable","11":"product-type-variable"},"_links":{"self":[{"href":"https:\/\/atelierdinterieur.ma\/en\/wp-json\/wp\/v2\/product\/88","targetHints":{"allow":["GET"]}}],"collection":[{"href":"https:\/\/atelierdinterieur.ma\/en\/wp-json\/wp\/v2\/product"}],"about":[{"href":"https:\/\/atelierdinterieur.ma\/en\/wp-json\/wp\/v2\/types\/product"}],"replies":[{"embeddable":true,"href":"https:\/\/atelierdinterieur.ma\/en\/wp-json\/wp\/v2\/comments?post=88"}],"wp:featuredmedia":[{"embeddable":true,"href":"https:\/\/atelierdinterieur.ma\/en\/wp-json\/wp\/v2\/media\/16823"}],"wp:attachment":[{"href":"https:\/\/atelierdinterieur.ma\/en\/wp-json\/wp\/v2\/media?parent=88"}],"wp:term":[{"taxonomy":"product_brand","embeddable":true,"href":"https:\/\/atelierdinterieur.ma\/en\/wp-json\/wp\/v2\/product_brand?post=88"},{"taxonomy":"product_cat","embeddable":true,"href":"https:\/\/atelierdinterieur.ma\/en\/wp-json\/wp\/v2\/product_cat?post=88"},{"taxonomy":"product_tag","embeddable":true,"href":"https:\/\/atelierdinterieur.ma\/en\/wp-json\/wp\/v2\/product_tag?post=88"}],"curies":[{"name":"wp","href":"https:\/\/api.w.org\/{rel}","templated":true}]}}