{"id":82,"date":"2025-12-19T21:18:37","date_gmt":"2025-12-19T21:18:37","guid":{"rendered":"https:\/\/atelierdinterieur.ma\/?post_type=product&#038;p=82"},"modified":"2026-02-19T23:32:14","modified_gmt":"2026-02-19T23:32:14","slug":"hexa-glass","status":"publish","type":"product","link":"https:\/\/atelierdinterieur.ma\/en\/product\/hexa-glass\/","title":{"rendered":"Hexa Glass"},"content":{"rendered":"<p>D\u00e9couvrez nos tables d\u2019appoint Hexa Glass, de v\u00e9ritables pi\u00e8ces sculpturales qui apportent une touche de sophistication moderne \u00e0 votre int\u00e9rieur. Leur design hexagonal, r\u00e9alis\u00e9 en verre textur\u00e9 de haute qualit\u00e9, cr\u00e9e de subtils jeux de lumi\u00e8re et de reflets, offrant une ambiance raffin\u00e9e et contemporaine.L\u2019alliance entre les lignes g\u00e9om\u00e9triques et la transparence fum\u00e9e du verre conf\u00e8re \u00e0 ces tables une esth\u00e9tique minimaliste, chic et facilement int\u00e9grable dans tout style de d\u00e9coration. Parfaites en tant que tables d\u2019appoint, pi\u00e9destaux d\u00e9coratifs ou en duo dans le salon, elles subliment votre espace avec \u00e9l\u00e9gance.Un mod\u00e8le qui s\u00e9duit par sa stabilit\u00e9, son caract\u00e8re unique et sa finition premium, id\u00e9al pour ceux qui recherchent des meubles modernes et distinctifs.<\/p>","protected":false},"excerpt":{"rendered":"<p><b>Caract\u00e9ristiques :<\/b><\/p>\n<ul>\n<li><b>Couleur :<\/b>Jaune<\/li>\n<\/ul>\n<p><b>Mati\u00e8res :<\/b><\/p>\n<p><b>Plateau :<\/b> Verre souffl\u00e9<\/p>\n<p><b>Empi\u00e8tement :<\/b> Verre souffl\u00e9<\/p>\n<ul>\n<li><b>Dimensions <\/b><\/li>\n<li><b>Table basse :<\/b> 30 cm de hauteur avec un plateau de 34 \u00d7 34 cm<\/li>\n<li><b>Table haute :<\/b> 50 cm de hauteur avec un plateau de 34 \u00d7 34 cm<\/li>\n<\/ul>","protected":false},"featured_media":16824,"comment_status":"open","ping_status":"closed","template":"","meta":[],"product_brand":[],"product_cat":[16],"product_tag":[],"class_list":{"0":"post-82","1":"product","2":"type-product","3":"status-publish","4":"has-post-thumbnail","6":"product_cat-table-basse","8":"first","9":"instock","10":"shipping-taxable","11":"product-type-variable"},"_links":{"self":[{"href":"https:\/\/atelierdinterieur.ma\/en\/wp-json\/wp\/v2\/product\/82","targetHints":{"allow":["GET"]}}],"collection":[{"href":"https:\/\/atelierdinterieur.ma\/en\/wp-json\/wp\/v2\/product"}],"about":[{"href":"https:\/\/atelierdinterieur.ma\/en\/wp-json\/wp\/v2\/types\/product"}],"replies":[{"embeddable":true,"href":"https:\/\/atelierdinterieur.ma\/en\/wp-json\/wp\/v2\/comments?post=82"}],"wp:featuredmedia":[{"embeddable":true,"href":"https:\/\/atelierdinterieur.ma\/en\/wp-json\/wp\/v2\/media\/16824"}],"wp:attachment":[{"href":"https:\/\/atelierdinterieur.ma\/en\/wp-json\/wp\/v2\/media?parent=82"}],"wp:term":[{"taxonomy":"product_brand","embeddable":true,"href":"https:\/\/atelierdinterieur.ma\/en\/wp-json\/wp\/v2\/product_brand?post=82"},{"taxonomy":"product_cat","embeddable":true,"href":"https:\/\/atelierdinterieur.ma\/en\/wp-json\/wp\/v2\/product_cat?post=82"},{"taxonomy":"product_tag","embeddable":true,"href":"https:\/\/atelierdinterieur.ma\/en\/wp-json\/wp\/v2\/product_tag?post=82"}],"curies":[{"name":"wp","href":"https:\/\/api.w.org\/{rel}","templated":true}]}}