{"id":75,"date":"2025-12-19T21:17:27","date_gmt":"2025-12-19T21:17:27","guid":{"rendered":"https:\/\/atelierdinterieur.ma\/?post_type=product&#038;p=75"},"modified":"2026-02-19T23:47:08","modified_gmt":"2026-02-19T23:47:08","slug":"bubble-table-gigogne","status":"publish","type":"product","link":"https:\/\/atelierdinterieur.ma\/en\/product\/bubble-table-gigogne\/","title":{"rendered":"Bubble &#8211; Table Gigogne"},"content":{"rendered":"<p>D\u00e9couvrez nos tables d\u2019appoint en verre souffl\u00e9, de v\u00e9ritables pi\u00e8ces design qui subliment instantan\u00e9ment votre int\u00e9rieur. Leur forme sculpturale et leur finition haut de gamme apportent une touche moderne et sophistiqu\u00e9e \u00e0 votre d\u00e9coration.<\/p>\n<p>Disponibles dans plusieurs coloris, elles peuvent \u00eatre assorties ou combin\u00e9es pour cr\u00e9er un ensemble unique et harmonieux. Parfaites pour un salon chic, ces tables allient style, fonctionnalit\u00e9 et \u00e9l\u00e9gance intemporelle.<\/p>","protected":false},"excerpt":{"rendered":"<p><b>Caract\u00e9ristiques :<\/b><\/p>\n<ul>\n<li><b>Couleur :<\/b>vert<\/li>\n<\/ul>\n<p><b>Mati\u00e8res :<\/b><\/p>\n<p><b>Plateau :<\/b> Verre souffl\u00e9<\/p>\n<p><b>Empi\u00e8tement :<\/b> Verre souffl\u00e9<\/p>\n<ul>\n<li><b>Dimensions <\/b><\/li>\n<li><b>Table basse :<\/b> 32 cm de hauteur avec un plateau de 55 \u00d7 55 cm<\/li>\n<li><b>Table haute :<\/b> 45 cm de hauteur avec un plateau de 40 \u00d7 40 cm<\/li>\n<\/ul>","protected":false},"featured_media":16825,"comment_status":"open","ping_status":"closed","template":"","meta":[],"product_brand":[],"product_cat":[16],"product_tag":[],"class_list":{"0":"post-75","1":"product","2":"type-product","3":"status-publish","4":"has-post-thumbnail","6":"product_cat-table-basse","8":"first","9":"instock","10":"shipping-taxable","11":"product-type-variable"},"_links":{"self":[{"href":"https:\/\/atelierdinterieur.ma\/en\/wp-json\/wp\/v2\/product\/75","targetHints":{"allow":["GET"]}}],"collection":[{"href":"https:\/\/atelierdinterieur.ma\/en\/wp-json\/wp\/v2\/product"}],"about":[{"href":"https:\/\/atelierdinterieur.ma\/en\/wp-json\/wp\/v2\/types\/product"}],"replies":[{"embeddable":true,"href":"https:\/\/atelierdinterieur.ma\/en\/wp-json\/wp\/v2\/comments?post=75"}],"wp:featuredmedia":[{"embeddable":true,"href":"https:\/\/atelierdinterieur.ma\/en\/wp-json\/wp\/v2\/media\/16825"}],"wp:attachment":[{"href":"https:\/\/atelierdinterieur.ma\/en\/wp-json\/wp\/v2\/media?parent=75"}],"wp:term":[{"taxonomy":"product_brand","embeddable":true,"href":"https:\/\/atelierdinterieur.ma\/en\/wp-json\/wp\/v2\/product_brand?post=75"},{"taxonomy":"product_cat","embeddable":true,"href":"https:\/\/atelierdinterieur.ma\/en\/wp-json\/wp\/v2\/product_cat?post=75"},{"taxonomy":"product_tag","embeddable":true,"href":"https:\/\/atelierdinterieur.ma\/en\/wp-json\/wp\/v2\/product_tag?post=75"}],"curies":[{"name":"wp","href":"https:\/\/api.w.org\/{rel}","templated":true}]}}