{"id":63,"date":"2025-12-19T21:09:42","date_gmt":"2025-12-19T21:09:42","guid":{"rendered":"https:\/\/atelierdinterieur.ma\/?post_type=product&#038;p=63"},"modified":"2026-02-19T23:54:21","modified_gmt":"2026-02-19T23:54:21","slug":"the-rectangular-table-gigogne","status":"publish","type":"product","link":"https:\/\/atelierdinterieur.ma\/en\/product\/the-rectangular-table-gigogne\/","title":{"rendered":"The Rectangular &#8211; Table Gigogne"},"content":{"rendered":"<p>Notre duo de tables Rectangular incarne l\u2019harmonie id\u00e9ale entre design contemporain, fonctionnalit\u00e9 et \u00e9l\u00e9gance. Leurs lignes \u00e9pur\u00e9es, sublim\u00e9es par des mat\u00e9riaux soigneusement s\u00e9lectionn\u00e9s, leur conf\u00e8rent une allure raffin\u00e9e et intemporelle. Modulables et polyvalentes, elles s\u2019int\u00e8grent ais\u00e9ment dans tous les int\u00e9rieurs et s\u2019imposent naturellement comme des pi\u00e8ces ma\u00eetresses de votre espace de vie, alliant style et praticit\u00e9 au quotidien.<\/p>","protected":false},"excerpt":{"rendered":"<p><b>Caract\u00e9ristiques :<\/b><\/p>\n<ul>\n<li><b>Couleur :<\/b>Blanc et gris anthracite<\/li>\n<\/ul>\n<p><b>Mati\u00e8res :<\/b><\/p>\n<p><b>Plateau :<\/b> Pierre fritt\u00e9e<\/p>\n<p><b>Empi\u00e8tement :<\/b> Acier au carbone<\/p>\n<ul>\n<li><b>Dimensions :<\/b><\/li>\n<li><b>Table basse :<\/b> 41 cm de hauteur avec un plateau de 80 \u00d7 80 cm<\/li>\n<li><b>Table haute :<\/b> 51 cm de hauteur avec un plateau de 60 \u00d7 60 cm<\/li>\n<\/ul>","protected":false},"featured_media":16828,"comment_status":"open","ping_status":"closed","template":"","meta":[],"product_brand":[],"product_cat":[16],"product_tag":[],"class_list":{"0":"post-63","1":"product","2":"type-product","3":"status-publish","4":"has-post-thumbnail","6":"product_cat-table-basse","8":"first","9":"instock","10":"shipping-taxable","11":"product-type-variable"},"_links":{"self":[{"href":"https:\/\/atelierdinterieur.ma\/en\/wp-json\/wp\/v2\/product\/63","targetHints":{"allow":["GET"]}}],"collection":[{"href":"https:\/\/atelierdinterieur.ma\/en\/wp-json\/wp\/v2\/product"}],"about":[{"href":"https:\/\/atelierdinterieur.ma\/en\/wp-json\/wp\/v2\/types\/product"}],"replies":[{"embeddable":true,"href":"https:\/\/atelierdinterieur.ma\/en\/wp-json\/wp\/v2\/comments?post=63"}],"wp:featuredmedia":[{"embeddable":true,"href":"https:\/\/atelierdinterieur.ma\/en\/wp-json\/wp\/v2\/media\/16828"}],"wp:attachment":[{"href":"https:\/\/atelierdinterieur.ma\/en\/wp-json\/wp\/v2\/media?parent=63"}],"wp:term":[{"taxonomy":"product_brand","embeddable":true,"href":"https:\/\/atelierdinterieur.ma\/en\/wp-json\/wp\/v2\/product_brand?post=63"},{"taxonomy":"product_cat","embeddable":true,"href":"https:\/\/atelierdinterieur.ma\/en\/wp-json\/wp\/v2\/product_cat?post=63"},{"taxonomy":"product_tag","embeddable":true,"href":"https:\/\/atelierdinterieur.ma\/en\/wp-json\/wp\/v2\/product_tag?post=63"}],"curies":[{"name":"wp","href":"https:\/\/api.w.org\/{rel}","templated":true}]}}