{"id":16898,"date":"2026-02-20T00:13:48","date_gmt":"2026-02-20T00:13:48","guid":{"rendered":"https:\/\/atelierdinterieur.ma\/?post_type=product&#038;p=16898"},"modified":"2026-02-20T00:13:49","modified_gmt":"2026-02-20T00:13:49","slug":"the-square","status":"publish","type":"product","link":"https:\/\/atelierdinterieur.ma\/en\/product\/the-square\/","title":{"rendered":"THE SQUARE"},"content":{"rendered":"<div class=\"wpb-content-wrapper\">\t<div  class=\"vc_row wpb_row vc_row-fluid vc_column-gap-default ts-row-wide\"  ><div class=\"wpb_column vc_column_container vc_col-sm-12\">\n\t<div class=\"wpb_wrapper\">\n\t\n\t<div class=\"wpb_text_column wpb_content_element\" >\n\t\t<div class=\"wpb_wrapper\">\n\t\t\t<p>Apportez une touche d\u2019\u00e9l\u00e9gance sculpturale \u00e0 votre salon avec cette table basse au design contemporain. Son plateau aux lignes organiques, disponible en finition marbre noir profond ou marbre blanc lumineux, cr\u00e9e un contraste raffin\u00e9 et sophistiqu\u00e9.<\/p>\n<p>Reposant sur des pieds cylindriques robustes au fini mat, cette table allie stabilit\u00e9 et esth\u00e9tique minimaliste. Son jeu de volumes et de mati\u00e8res en fait une pi\u00e8ce ma\u00eetresse qui attire le regard tout en s\u2019int\u00e9grant harmonieusement dans un int\u00e9rieur moderne, chic ou \u00e9pur\u00e9.<\/p>\n<p>Parfaite pour sublimer votre espace de vie, elle accueille avec style vos objets d\u00e9coratifs, livres d\u2019art ou accessoires du quotidien.<\/p>\n\n\t\t<\/div>\n\t<\/div>\n\t<\/div>\n<\/div><\/div>\n<\/div>","protected":false},"excerpt":{"rendered":"Apportez une touche d\u2019\u00e9l\u00e9gance sculpturale \u00e0 votre salon avec cette table basse au design contemporain. Son plateau aux lignes organiques, disponible en finition marbre noir profond ou marbre blanc lumineux, cr\u00e9e un contraste raffin\u00e9 et sophistiqu\u00e9. Reposant sur des pieds cylindriques robustes au fini mat, cette table allie stabilit\u00e9 et esth\u00e9tique minimaliste. Son jeu de [...]","protected":false},"featured_media":16901,"comment_status":"open","ping_status":"closed","template":"","meta":[],"product_brand":[],"product_cat":[16],"product_tag":[],"class_list":{"0":"post-16898","1":"product","2":"type-product","3":"status-publish","4":"has-post-thumbnail","6":"product_cat-table-basse","8":"first","9":"instock","10":"shipping-taxable","11":"product-type-variable"},"_links":{"self":[{"href":"https:\/\/atelierdinterieur.ma\/en\/wp-json\/wp\/v2\/product\/16898","targetHints":{"allow":["GET"]}}],"collection":[{"href":"https:\/\/atelierdinterieur.ma\/en\/wp-json\/wp\/v2\/product"}],"about":[{"href":"https:\/\/atelierdinterieur.ma\/en\/wp-json\/wp\/v2\/types\/product"}],"replies":[{"embeddable":true,"href":"https:\/\/atelierdinterieur.ma\/en\/wp-json\/wp\/v2\/comments?post=16898"}],"wp:featuredmedia":[{"embeddable":true,"href":"https:\/\/atelierdinterieur.ma\/en\/wp-json\/wp\/v2\/media\/16901"}],"wp:attachment":[{"href":"https:\/\/atelierdinterieur.ma\/en\/wp-json\/wp\/v2\/media?parent=16898"}],"wp:term":[{"taxonomy":"product_brand","embeddable":true,"href":"https:\/\/atelierdinterieur.ma\/en\/wp-json\/wp\/v2\/product_brand?post=16898"},{"taxonomy":"product_cat","embeddable":true,"href":"https:\/\/atelierdinterieur.ma\/en\/wp-json\/wp\/v2\/product_cat?post=16898"},{"taxonomy":"product_tag","embeddable":true,"href":"https:\/\/atelierdinterieur.ma\/en\/wp-json\/wp\/v2\/product_tag?post=16898"}],"curies":[{"name":"wp","href":"https:\/\/api.w.org\/{rel}","templated":true}]}}