{"id":107,"date":"2025-12-19T21:24:41","date_gmt":"2025-12-19T21:24:41","guid":{"rendered":"https:\/\/atelierdinterieur.ma\/?post_type=product&#038;p=107"},"modified":"2026-02-19T22:11:36","modified_gmt":"2026-02-19T22:11:36","slug":"chariot-round","status":"publish","type":"product","link":"https:\/\/atelierdinterieur.ma\/en\/product\/chariot-round\/","title":{"rendered":"Chariot round"},"content":{"rendered":"<p>Ce chariot de service incarne une esth\u00e9tique moderne et raffin\u00e9e, alliant lignes \u00e9pur\u00e9es et fonctionnalit\u00e9 au quotidien. Sa structure en aluminium apporte l\u00e9g\u00e8ret\u00e9 et robustesse, tandis que ses deux plateaux circulaires offrent un espace g\u00e9n\u00e9reux pour organiser et pr\u00e9senter vos objets avec style. Dot\u00e9 de roulettes discr\u00e8tes, il se d\u00e9place facilement et s\u2019adapte \u00e0 tous les usages : chariot bar, table d\u2019appoint ou meuble de rangement d\u00e9coratif. Sa poign\u00e9e sup\u00e9rieure assure une prise en main confortable, renfor\u00e7ant son c\u00f4t\u00e9 pratique sans compromettre l\u2019\u00e9l\u00e9gance du design.Parfait pour un int\u00e9rieur contemporain, ce chariot devient un v\u00e9ritable \u00e9l\u00e9ment d\u00e9coratif, aussi esth\u00e9tique que fonctionnel, id\u00e9al pour sublimer un salon, une salle \u00e0 manger ou un espace de r\u00e9ception.<\/p>","protected":false},"excerpt":{"rendered":"<p><b>Caract\u00e9ristiques :<\/b><\/p>\n<ul>\n<li><b>Couleur :<\/b>Taupe \/ Camel \/ Noir<\/li>\n<\/ul>\n<p><b>Mati\u00e8res: Similicuir <\/b><\/p>\n<p><b>Empi\u00e8tement :<\/b> Acier inoxydable<\/p>\n<ul>\n<li><b>Dimensions <\/b><\/li>\n<li><b> 42X42<\/b><\/li>\n<\/ul>","protected":false},"featured_media":16818,"comment_status":"open","ping_status":"closed","template":"","meta":[],"product_brand":[],"product_cat":[18],"product_tag":[],"class_list":{"0":"post-107","1":"product","2":"type-product","3":"status-publish","4":"has-post-thumbnail","6":"product_cat-chariot","8":"first","9":"instock","10":"shipping-taxable","11":"product-type-variable"},"_links":{"self":[{"href":"https:\/\/atelierdinterieur.ma\/en\/wp-json\/wp\/v2\/product\/107","targetHints":{"allow":["GET"]}}],"collection":[{"href":"https:\/\/atelierdinterieur.ma\/en\/wp-json\/wp\/v2\/product"}],"about":[{"href":"https:\/\/atelierdinterieur.ma\/en\/wp-json\/wp\/v2\/types\/product"}],"replies":[{"embeddable":true,"href":"https:\/\/atelierdinterieur.ma\/en\/wp-json\/wp\/v2\/comments?post=107"}],"wp:featuredmedia":[{"embeddable":true,"href":"https:\/\/atelierdinterieur.ma\/en\/wp-json\/wp\/v2\/media\/16818"}],"wp:attachment":[{"href":"https:\/\/atelierdinterieur.ma\/en\/wp-json\/wp\/v2\/media?parent=107"}],"wp:term":[{"taxonomy":"product_brand","embeddable":true,"href":"https:\/\/atelierdinterieur.ma\/en\/wp-json\/wp\/v2\/product_brand?post=107"},{"taxonomy":"product_cat","embeddable":true,"href":"https:\/\/atelierdinterieur.ma\/en\/wp-json\/wp\/v2\/product_cat?post=107"},{"taxonomy":"product_tag","embeddable":true,"href":"https:\/\/atelierdinterieur.ma\/en\/wp-json\/wp\/v2\/product_tag?post=107"}],"curies":[{"name":"wp","href":"https:\/\/api.w.org\/{rel}","templated":true}]}}