{"id":104,"date":"2025-12-19T21:23:25","date_gmt":"2025-12-19T21:23:25","guid":{"rendered":"https:\/\/atelierdinterieur.ma\/?post_type=product&#038;p=104"},"modified":"2026-02-19T22:17:57","modified_gmt":"2026-02-19T22:17:57","slug":"elegance-2","status":"publish","type":"product","link":"https:\/\/atelierdinterieur.ma\/en\/product\/elegance-2\/","title":{"rendered":"\u00c9l\u00e9gance Pierre fritt\u00e9e"},"content":{"rendered":"<p>Ce duo de tables basses incarne une esth\u00e9tique chic et minimaliste, pens\u00e9e pour sublimer les int\u00e9rieurs modernes et raffin\u00e9s. Ses lignes douces et arrondies apportent une sensation d\u2019harmonie et de fluidit\u00e9, tandis que les volumes pleins et \u00e9quilibr\u00e9s affirment une pr\u00e9sence \u00e9l\u00e9gante au c\u0153ur du salon. Le design joue sur un subtil contraste entre formes sculpturales et finition lisse, offrant un rendu \u00e0 la fois contemporain et intemporel. Dispos\u00e9es ensemble ou s\u00e9par\u00e9ment, ces tables s\u2019adaptent parfaitement \u00e0 votre espace et cr\u00e9ent une composition visuelle sophistiqu\u00e9e. Id\u00e9al pour un salon chic, ce mod\u00e8le allie fonctionnalit\u00e9, style et caract\u00e8re, devenant une v\u00e9ritable pi\u00e8ce ma\u00eetresse de votre d\u00e9coration.<\/p>","protected":false},"excerpt":{"rendered":"<p><b>Caract\u00e9ristiques :<\/b><\/p>\n<ul>\n<li><b>Couleur :<\/b>Taupe \/ Greige<\/li>\n<\/ul>\n<p><b>Mati\u00e8res :<\/b><\/p>\n<p><b>Plateau :<\/b> Pierre fritt\u00e9e<\/p>\n<p><b>Empi\u00e8tement :<\/b> HDF<\/p>\n<ul>\n<li><b>Dimensions <\/b><\/li>\n<li><b>Table basse :<\/b> 380 cm de hauteur avec un plateau 800 cm de diametre<\/li>\n<li><b>Table haute :<\/b> 470 cm de hauteur avec un plateau 600 cm de diametre<\/li>\n<\/ul>","protected":false},"featured_media":16819,"comment_status":"open","ping_status":"closed","template":"","meta":[],"product_brand":[],"product_cat":[16],"product_tag":[],"class_list":{"0":"post-104","1":"product","2":"type-product","3":"status-publish","4":"has-post-thumbnail","6":"product_cat-table-basse","8":"first","9":"instock","10":"shipping-taxable","11":"product-type-variable"},"_links":{"self":[{"href":"https:\/\/atelierdinterieur.ma\/en\/wp-json\/wp\/v2\/product\/104","targetHints":{"allow":["GET"]}}],"collection":[{"href":"https:\/\/atelierdinterieur.ma\/en\/wp-json\/wp\/v2\/product"}],"about":[{"href":"https:\/\/atelierdinterieur.ma\/en\/wp-json\/wp\/v2\/types\/product"}],"replies":[{"embeddable":true,"href":"https:\/\/atelierdinterieur.ma\/en\/wp-json\/wp\/v2\/comments?post=104"}],"wp:featuredmedia":[{"embeddable":true,"href":"https:\/\/atelierdinterieur.ma\/en\/wp-json\/wp\/v2\/media\/16819"}],"wp:attachment":[{"href":"https:\/\/atelierdinterieur.ma\/en\/wp-json\/wp\/v2\/media?parent=104"}],"wp:term":[{"taxonomy":"product_brand","embeddable":true,"href":"https:\/\/atelierdinterieur.ma\/en\/wp-json\/wp\/v2\/product_brand?post=104"},{"taxonomy":"product_cat","embeddable":true,"href":"https:\/\/atelierdinterieur.ma\/en\/wp-json\/wp\/v2\/product_cat?post=104"},{"taxonomy":"product_tag","embeddable":true,"href":"https:\/\/atelierdinterieur.ma\/en\/wp-json\/wp\/v2\/product_tag?post=104"}],"curies":[{"name":"wp","href":"https:\/\/api.w.org\/{rel}","templated":true}]}}