{"id":101,"date":"2025-12-19T21:22:15","date_gmt":"2025-12-19T21:22:15","guid":{"rendered":"https:\/\/atelierdinterieur.ma\/?post_type=product&#038;p=101"},"modified":"2026-02-19T22:21:05","modified_gmt":"2026-02-19T22:21:05","slug":"blue-dream","status":"publish","type":"product","link":"https:\/\/atelierdinterieur.ma\/en\/product\/blue-dream\/","title":{"rendered":"Blue dream"},"content":{"rendered":"<p>D\u00e9couvrez notre table basse Blue dream Luxe, une pi\u00e8ce ma\u00eetresse au design contemporain qui allie harmonieusement sophistication et fonctionnalit\u00e9. Son plateau en finition marbre claire apporte une touche lumineuse et raffin\u00e9e, tandis que sa base aux courbes g\u00e9n\u00e9reuses, sublim\u00e9e par des d\u00e9tails m\u00e9talliques dor\u00e9s, cr\u00e9e un contraste chic et moderne. La structure solide, aux lignes arrondies et parfaitement \u00e9quilibr\u00e9es, conf\u00e8re \u00e0 cette table une pr\u00e9sence sculpturale qui transforme instantan\u00e9ment votre salon en un espace chaleureux et \u00e9l\u00e9gant. Id\u00e9ale pour recevoir, exposer vos objets d\u00e9coratifs ou sublimer votre int\u00e9rieur au quotidien, la table Atlas Luxe se distingue par son esth\u00e9tique premium et son allure intemporelle. Un choix parfait pour ceux qui recherchent un meuble design, raffin\u00e9 et durable, parfaitement adapt\u00e9 aux int\u00e9rieurs contemporains et luxueux.<\/p>","protected":false},"excerpt":{"rendered":"<p><b>Caract\u00e9ristiques :<\/b><\/p>\n<ul>\n<li><b>Couleur :<\/b>Bleu<\/li>\n<\/ul>\n<p><b>Mati\u00e8res :<\/b><\/p>\n<p><b>Plateau :<\/b> Pierre frittee<\/p>\n<p><b>Empi\u00e8tement :<\/b> HDF<\/p>\n<ul>\n<li><b>Dimensions <\/b><\/li>\n<li>80*90*55*45<\/li>\n<\/ul>","protected":false},"featured_media":16820,"comment_status":"open","ping_status":"closed","template":"","meta":[],"product_brand":[],"product_cat":[16],"product_tag":[],"class_list":{"0":"post-101","1":"product","2":"type-product","3":"status-publish","4":"has-post-thumbnail","6":"product_cat-table-basse","8":"first","9":"instock","10":"shipping-taxable","11":"product-type-variable"},"_links":{"self":[{"href":"https:\/\/atelierdinterieur.ma\/en\/wp-json\/wp\/v2\/product\/101","targetHints":{"allow":["GET"]}}],"collection":[{"href":"https:\/\/atelierdinterieur.ma\/en\/wp-json\/wp\/v2\/product"}],"about":[{"href":"https:\/\/atelierdinterieur.ma\/en\/wp-json\/wp\/v2\/types\/product"}],"replies":[{"embeddable":true,"href":"https:\/\/atelierdinterieur.ma\/en\/wp-json\/wp\/v2\/comments?post=101"}],"wp:featuredmedia":[{"embeddable":true,"href":"https:\/\/atelierdinterieur.ma\/en\/wp-json\/wp\/v2\/media\/16820"}],"wp:attachment":[{"href":"https:\/\/atelierdinterieur.ma\/en\/wp-json\/wp\/v2\/media?parent=101"}],"wp:term":[{"taxonomy":"product_brand","embeddable":true,"href":"https:\/\/atelierdinterieur.ma\/en\/wp-json\/wp\/v2\/product_brand?post=101"},{"taxonomy":"product_cat","embeddable":true,"href":"https:\/\/atelierdinterieur.ma\/en\/wp-json\/wp\/v2\/product_cat?post=101"},{"taxonomy":"product_tag","embeddable":true,"href":"https:\/\/atelierdinterieur.ma\/en\/wp-json\/wp\/v2\/product_tag?post=101"}],"curies":[{"name":"wp","href":"https:\/\/api.w.org\/{rel}","templated":true}]}}